{"id":552,"date":"2025-10-14T17:01:46","date_gmt":"2025-10-14T17:01:46","guid":{"rendered":"https:\/\/www.cvbarreiro.com\/?page_id=552"},"modified":"2025-10-14T17:04:11","modified_gmt":"2025-10-14T17:04:11","slug":"competicao-470","status":"publish","type":"page","link":"https:\/\/www.cvbarreiro.com\/index.php\/competicao-470\/","title":{"rendered":"Competi\u00e7\u00e3o 470"},"content":{"rendered":"\t\t<div data-elementor-type=\"wp-page\" data-elementor-id=\"552\" class=\"elementor elementor-552\">\n\t\t\t\t<div class=\"elementor-element elementor-element-c6958c6 e-con-full e-flex wpr-particle-no wpr-jarallax-no wpr-parallax-no wpr-sticky-section-no wpr-equal-height-no e-con e-parent\" data-id=\"c6958c6\" data-element_type=\"container\" data-e-type=\"container\" data-settings=\"{&quot;background_background&quot;:&quot;classic&quot;}\">\n\t\t\t\t<div class=\"elementor-element elementor-element-1c0edf1 elementor-widget elementor-widget-text-editor\" data-id=\"1c0edf1\" data-element_type=\"widget\" data-e-type=\"widget\" data-widget_type=\"text-editor.default\">\n\t\t\t\t\t\t\t\t\t<p>COMPETI\u00c7\u00c3O 470<\/p>\t\t\t\t\t\t\t\t<\/div>\n\t\t\t\t<\/div>\n\t\t<div class=\"elementor-element elementor-element-158b210 e-flex e-con-boxed wpr-particle-no wpr-jarallax-no wpr-parallax-no wpr-sticky-section-no wpr-equal-height-no e-con e-parent\" data-id=\"158b210\" data-element_type=\"container\" data-e-type=\"container\">\n\t\t\t\t\t<div class=\"e-con-inner\">\n\t\t<div class=\"elementor-element elementor-element-3801194 e-con-full e-flex wpr-particle-no wpr-jarallax-no wpr-parallax-no wpr-sticky-section-no wpr-equal-height-no e-con e-child\" data-id=\"3801194\" data-element_type=\"container\" data-e-type=\"container\">\n\t\t<div class=\"elementor-element elementor-element-7939d7b e-con-full e-flex wpr-particle-no wpr-jarallax-no wpr-parallax-no wpr-sticky-section-no wpr-equal-height-no e-con e-child\" data-id=\"7939d7b\" data-element_type=\"container\" data-e-type=\"container\">\n\t\t<div class=\"elementor-element elementor-element-e4e6a7d e-con-full e-flex wpr-particle-no wpr-jarallax-no wpr-parallax-no wpr-sticky-section-no wpr-equal-height-no e-con e-child\" data-id=\"e4e6a7d\" data-element_type=\"container\" data-e-type=\"container\">\n\t\t\t\t<div class=\"elementor-element elementor-element-97e5ad1 elementor-widget elementor-widget-image\" data-id=\"97e5ad1\" data-element_type=\"widget\" data-e-type=\"widget\" data-widget_type=\"image.default\">\n\t\t\t\t\t\t\t\t\t\t\t\t\t\t\t<img fetchpriority=\"high\" decoding=\"async\" width=\"800\" height=\"533\" src=\"https:\/\/www.cvbarreiro.com\/wp-content\/uploads\/2025\/10\/22140807_306688709737342_3321527528384024351_n.webp\" class=\"attachment-large size-large wp-image-554\" alt=\"Clube de Vela do Barreiro\" srcset=\"https:\/\/www.cvbarreiro.com\/wp-content\/uploads\/2025\/10\/22140807_306688709737342_3321527528384024351_n.webp 960w, https:\/\/www.cvbarreiro.com\/wp-content\/uploads\/2025\/10\/22140807_306688709737342_3321527528384024351_n-300x200.webp 300w, https:\/\/www.cvbarreiro.com\/wp-content\/uploads\/2025\/10\/22140807_306688709737342_3321527528384024351_n-768x511.webp 768w\" sizes=\"(max-width: 800px) 100vw, 800px\" \/>\t\t\t\t\t\t\t\t\t\t\t\t\t\t\t<\/div>\n\t\t\t\t<\/div>\n\t\t<div class=\"elementor-element elementor-element-a81edcb e-con-full e-flex wpr-particle-no wpr-jarallax-no wpr-parallax-no wpr-sticky-section-no wpr-equal-height-no e-con e-child\" data-id=\"a81edcb\" data-element_type=\"container\" data-e-type=\"container\">\n\t\t\t\t<div class=\"elementor-element elementor-element-983beb5 elementor-widget elementor-widget-text-editor\" data-id=\"983beb5\" data-element_type=\"widget\" data-e-type=\"widget\" data-widget_type=\"text-editor.default\">\n\t\t\t\t\t\t\t\t\t<h3 class=\"font_8\">Equipa Competi\u00e7\u00e3o 470<\/h3><p class=\"font_8\">\u200b<em>Velejadores:<\/em><\/p><p class=\"font_8\">POR 11<\/p><p class=\"font_8\">Diogo Pereira \/ Gon\u00e7alo Ramos \u00a0\u00a0 \u00a0<\/p><p class=\"font_8\">\u200b<\/p><p class=\"font_8\">Diogo Pereira &#8211; 21 anos<\/p><p class=\"font_8\">Clube Naval de Cascais<\/p><p class=\"font_8\">Gon\u00e7alo Ramos &#8211; 22 anos<\/p><p class=\"font_8\">Clube de Vela do Barreiro<\/p><p class=\"font_8\">\u200b<\/p><p class=\"font_8\">Objectivo da equipa<\/p><p class=\"font_8\">participar nos Jogos Ol\u00edmpicos\u00a0de Tokyo 2020!<\/p>\t\t\t\t\t\t\t\t<\/div>\n\t\t\t\t<\/div>\n\t\t\t\t<\/div>\n\t\t\t\t<\/div>\n\t\t\t\t\t<\/div>\n\t\t\t\t<\/div>\n\t\t\t\t<\/div>\n\t\t","protected":false},"excerpt":{"rendered":"<p>COMPETI\u00c7\u00c3O 470 Equipa Competi\u00e7\u00e3o 470 \u200bVelejadores: POR 11 Diogo Pereira \/ Gon\u00e7alo Ramos \u00a0\u00a0 \u00a0 \u200b Diogo Pereira &#8211; 21 anos Clube Naval de Cascais Gon\u00e7alo Ramos &#8211; 22 anos Clube de Vela do Barreiro \u200b Objectivo da equipa participar nos Jogos Ol\u00edmpicos\u00a0de Tokyo 2020!<\/p>\n","protected":false},"author":1,"featured_media":0,"parent":0,"menu_order":0,"comment_status":"closed","ping_status":"closed","template":"elementor_header_footer","meta":{"footnotes":""},"class_list":["post-552","page","type-page","status-publish","hentry"],"aioseo_notices":[],"_links":{"self":[{"href":"https:\/\/www.cvbarreiro.com\/index.php\/wp-json\/wp\/v2\/pages\/552","targetHints":{"allow":["GET"]}}],"collection":[{"href":"https:\/\/www.cvbarreiro.com\/index.php\/wp-json\/wp\/v2\/pages"}],"about":[{"href":"https:\/\/www.cvbarreiro.com\/index.php\/wp-json\/wp\/v2\/types\/page"}],"author":[{"embeddable":true,"href":"https:\/\/www.cvbarreiro.com\/index.php\/wp-json\/wp\/v2\/users\/1"}],"replies":[{"embeddable":true,"href":"https:\/\/www.cvbarreiro.com\/index.php\/wp-json\/wp\/v2\/comments?post=552"}],"version-history":[{"count":8,"href":"https:\/\/www.cvbarreiro.com\/index.php\/wp-json\/wp\/v2\/pages\/552\/revisions"}],"predecessor-version":[{"id":598,"href":"https:\/\/www.cvbarreiro.com\/index.php\/wp-json\/wp\/v2\/pages\/552\/revisions\/598"}],"wp:attachment":[{"href":"https:\/\/www.cvbarreiro.com\/index.php\/wp-json\/wp\/v2\/media?parent=552"}],"curies":[{"name":"wp","href":"https:\/\/api.w.org\/{rel}","templated":true}]}}